{"id":187,"date":"2023-12-23T17:48:29","date_gmt":"2023-12-23T16:48:29","guid":{"rendered":"https:\/\/ap-slide.com\/?page_id=187"},"modified":"2024-02-06T10:35:50","modified_gmt":"2024-02-06T09:35:50","slug":"o-nas","status":"publish","type":"page","link":"https:\/\/ap-slide.com\/?page_id=187","title":{"rendered":"O n\u00e1s"},"content":{"rendered":"<p style=\"text-align: justify;\"><span style=\"font-size: 18pt; color: #000080;\">Spolo\u010dnos\u0165 AP-Slide s.r.o. vznikla v podstate s cie\u013eom opravy a renov\u00e1cie \u0161myka\u010diek pod\u013ea po\u017eiadaviek stanoven\u00fdch vo vyhl\u00e1\u0161ke \u201eITM 24\/2020\u201c. Od septembra 2021 na\u0161a spolo\u010dnos\u0165 vykon\u00e1va rekon\u0161trukcie, dokument\u00e1ciu a v pr\u00edpade potreby aj kompletn\u00fa administrat\u00edvu, ktor\u00e1 je ukon\u010den\u00e1 certifik\u00e1ciou.<\/span><br \/>\n<span style=\"font-size: 18pt; color: #000080;\">Na\u0161a spolo\u010dnos\u0165 m\u00e1 v\u0161etky profesijn\u00e9 pr\u00e1va vy\u017eadovan\u00e9 vyhl\u00e1\u0161kou na vykon\u00e1vanie \u010dinnosti. Ich z\u00e1kladom je odborn\u00fd certifik\u00e1t ISO 9001, av\u0161ak na\u0161a spolo\u010dnos\u0165 zamestn\u00e1va komorovo autorizovan\u00e9ho statika \u201eSZ\u00c9S1\u201c formou trval\u00e9ho pracovn\u00e9ho pomeru a na z\u00e1klade partnerskej zmluvy vieme zabezpe\u010di\u0165 aj podmienku dielensk\u00e9ho certifik\u00e1tu EN 1090 na \u00falohy s\u00favisiace s kovov\u00fdmi kon\u0161trukciami.<\/span><\/p>\n<p style=\"text-align: justify;\"><span style=\"font-size: 18pt; color: #000080;\"><strong>Aktivity:<\/strong><\/span><\/p>\n<ol>\n<li><span style=\"font-size: 18pt; color: #000080;\">Obnovenie a\u00a0\u00fadr\u017eba tobog\u00e1nov<\/span><\/li>\n<li><span style=\"font-size: 18pt; color: #000080;\">Obnovenie detsk\u00fdch \u0161m\u00fdka\u010diek a\u00a0z\u00e1\u017eitkov\u00fdch prvkov <\/span><\/li>\n<li><span style=\"font-size: 18pt; color: #000080;\">Obnovenie sprejov\u00e9ho parku<\/span><\/li>\n<li><span style=\"font-size: 18pt; color: #000080;\">Mont\u00e1\u017e tobog\u00e1nov<\/span><\/li>\n<li><span style=\"font-size: 18pt; color: #000080;\">Mont\u00e1\u017e detsk\u00fdch \u0161m\u00fdka\u010diek<\/span><\/li>\n<li><span style=\"font-size: 18pt; color: #000080;\">Tematiky a n\u00e1pady na tobog\u00e1nov<\/span><\/li>\n<\/ol>\n<p style=\"text-align: center;\"><div id=\"metaslider-id-111\" style=\"max-width: 700px;\" class=\"ml-slider-3-61-0 metaslider metaslider-flex metaslider-111 ml-slider ms-theme-default nav-hidden\" role=\"region\" aria-roledescription=\"Slideshow\" aria-label=\"tanusitvany\">\n    <div id=\"metaslider_container_111\">\n        <div id=\"metaslider_111\">\n            <ul aria-live=\"polite\" class=\"slides\">\n                <li style=\"display: block; width: 100%;\" class=\"slide-115 ms-image \" aria-roledescription=\"slide\" aria-label=\"slide-115\"><img loading=\"lazy\" decoding=\"async\" width=\"620\" height=\"876\" src=\"https:\/\/ap-slide.com\/wp-content\/uploads\/2023\/12\/tanusitvany.jpg\" class=\"slider-111 slide-115\" alt=\"\" rel=\"\" title=\"tanusitvany\" srcset=\"https:\/\/ap-slide.com\/wp-content\/uploads\/2023\/12\/tanusitvany.jpg 620w, https:\/\/ap-slide.com\/wp-content\/uploads\/2023\/12\/tanusitvany-212x300.jpg 212w\" sizes=\"(max-width: 620px) 100vw, 620px\" \/><\/li>\n                <li style=\"display: none; width: 100%;\" class=\"slide-116 ms-image \" aria-roledescription=\"slide\" aria-label=\"slide-116\"><img loading=\"lazy\" decoding=\"async\" width=\"620\" height=\"876\" src=\"https:\/\/ap-slide.com\/wp-content\/uploads\/2023\/12\/certificate.jpg\" class=\"slider-111 slide-116\" alt=\"\" rel=\"\" title=\"certificate\" srcset=\"https:\/\/ap-slide.com\/wp-content\/uploads\/2023\/12\/certificate.jpg 620w, https:\/\/ap-slide.com\/wp-content\/uploads\/2023\/12\/certificate-212x300.jpg 212w\" sizes=\"(max-width: 620px) 100vw, 620px\" \/><\/li>\n                <li style=\"display: none; width: 100%;\" class=\"slide-117 ms-image \" aria-roledescription=\"slide\" aria-label=\"slide-117\"><img loading=\"lazy\" decoding=\"async\" width=\"620\" height=\"876\" src=\"https:\/\/ap-slide.com\/wp-content\/uploads\/2023\/12\/zertifikat.jpg\" class=\"slider-111 slide-117\" alt=\"\" rel=\"\" title=\"zertifikat\" srcset=\"https:\/\/ap-slide.com\/wp-content\/uploads\/2023\/12\/zertifikat.jpg 620w, https:\/\/ap-slide.com\/wp-content\/uploads\/2023\/12\/zertifikat-212x300.jpg 212w\" sizes=\"(max-width: 620px) 100vw, 620px\" \/><\/li>\n            <\/ul>\n        <\/div>\n        \n    <\/div>\n<\/div><\/p>\n","protected":false},"excerpt":{"rendered":"<p>Spolo\u010dnos\u0165 AP-Slide s.r.o. vznikla v podstate s cie\u013eom opravy a renov\u00e1cie \u0161myka\u010diek pod\u013ea po\u017eiadaviek stanoven\u00fdch vo vyhl\u00e1\u0161ke \u201eITM 24\/2020\u201c. Od septembra 2021 na\u0161a spolo\u010dnos\u0165 vykon\u00e1va rekon\u0161trukcie, dokument\u00e1ciu a v pr\u00edpade potreby aj kompletn\u00fa administrat\u00edvu, ktor\u00e1 je ukon\u010den\u00e1 certifik\u00e1ciou. Na\u0161a spolo\u010dnos\u0165 m\u00e1 v\u0161etky profesijn\u00e9 pr\u00e1va vy\u017eadovan\u00e9 vyhl\u00e1\u0161kou na vykon\u00e1vanie \u010dinnosti. Ich z\u00e1kladom je odborn\u00fd certifik\u00e1t ISO &#8230; <a title=\"O n\u00e1s\" class=\"read-more\" href=\"https:\/\/ap-slide.com\/?page_id=187\" aria-label=\"Read more about O n\u00e1s\">Olvass tov\u00e1bb<\/a><\/p>\n","protected":false},"author":1,"featured_media":0,"parent":0,"menu_order":0,"comment_status":"closed","ping_status":"closed","template":"","meta":{"footnotes":""},"_links":{"self":[{"href":"https:\/\/ap-slide.com\/index.php?rest_route=\/wp\/v2\/pages\/187"}],"collection":[{"href":"https:\/\/ap-slide.com\/index.php?rest_route=\/wp\/v2\/pages"}],"about":[{"href":"https:\/\/ap-slide.com\/index.php?rest_route=\/wp\/v2\/types\/page"}],"author":[{"embeddable":true,"href":"https:\/\/ap-slide.com\/index.php?rest_route=\/wp\/v2\/users\/1"}],"replies":[{"embeddable":true,"href":"https:\/\/ap-slide.com\/index.php?rest_route=%2Fwp%2Fv2%2Fcomments&post=187"}],"version-history":[{"count":4,"href":"https:\/\/ap-slide.com\/index.php?rest_route=\/wp\/v2\/pages\/187\/revisions"}],"predecessor-version":[{"id":432,"href":"https:\/\/ap-slide.com\/index.php?rest_route=\/wp\/v2\/pages\/187\/revisions\/432"}],"wp:attachment":[{"href":"https:\/\/ap-slide.com\/index.php?rest_route=%2Fwp%2Fv2%2Fmedia&parent=187"}],"curies":[{"name":"wp","href":"https:\/\/api.w.org\/{rel}","templated":true}]}}