{"id":193,"date":"2023-12-23T17:55:38","date_gmt":"2023-12-23T16:55:38","guid":{"rendered":"https:\/\/ap-slide.com\/?page_id=193"},"modified":"2024-02-06T10:29:48","modified_gmt":"2024-02-06T09:29:48","slug":"csuszdak-felujitasa","status":"publish","type":"page","link":"https:\/\/ap-slide.com\/?page_id=193","title":{"rendered":"Cs\u00faszd\u00e1k fel\u00faj\u00edt\u00e1sa"},"content":{"rendered":"<div id=\"metaslider-id-73\" style=\"max-width: 700px; margin: 0 auto;\" class=\"ml-slider-3-61-0 metaslider metaslider-flex metaslider-73 ml-slider ms-theme-default nav-hidden\" role=\"region\" aria-roledescription=\"Slideshow\" aria-label=\"volt-lett\">\n    <div id=\"metaslider_container_73\">\n        <div id=\"metaslider_73\">\n            <ul aria-live=\"polite\" class=\"slides\">\n                <li style=\"display: block; width: 100%;\" class=\"slide-100 ms-image \" aria-roledescription=\"slide\" aria-label=\"slide-100\"><img loading=\"lazy\" decoding=\"async\" width=\"900\" height=\"1200\" src=\"https:\/\/ap-slide.com\/wp-content\/uploads\/2023\/12\/Volt-1.jpg\" class=\"slider-73 slide-100\" alt=\"\" rel=\"\" title=\"Volt 1\" srcset=\"https:\/\/ap-slide.com\/wp-content\/uploads\/2023\/12\/Volt-1.jpg 900w, https:\/\/ap-slide.com\/wp-content\/uploads\/2023\/12\/Volt-1-225x300.jpg 225w, https:\/\/ap-slide.com\/wp-content\/uploads\/2023\/12\/Volt-1-768x1024.jpg 768w\" sizes=\"(max-width: 900px) 100vw, 900px\" \/><\/li>\n                <li style=\"display: none; width: 100%;\" class=\"slide-92 ms-image \" aria-roledescription=\"slide\" aria-label=\"slide-92\"><img loading=\"lazy\" decoding=\"async\" width=\"900\" height=\"1200\" src=\"https:\/\/ap-slide.com\/wp-content\/uploads\/2023\/12\/Lett-1-1.jpg\" class=\"slider-73 slide-92\" alt=\"\" rel=\"\" title=\"Lett 1 (1)\" srcset=\"https:\/\/ap-slide.com\/wp-content\/uploads\/2023\/12\/Lett-1-1.jpg 900w, https:\/\/ap-slide.com\/wp-content\/uploads\/2023\/12\/Lett-1-1-225x300.jpg 225w, https:\/\/ap-slide.com\/wp-content\/uploads\/2023\/12\/Lett-1-1-768x1024.jpg 768w\" sizes=\"(max-width: 900px) 100vw, 900px\" \/><\/li>\n                <li style=\"display: none; width: 100%;\" class=\"slide-93 ms-image \" aria-roledescription=\"slide\" aria-label=\"slide-93\"><img loading=\"lazy\" decoding=\"async\" width=\"900\" height=\"1200\" src=\"https:\/\/ap-slide.com\/wp-content\/uploads\/2023\/12\/Lett-1-2.jpg\" class=\"slider-73 slide-93\" alt=\"\" rel=\"\" title=\"Lett 1 (2)\" srcset=\"https:\/\/ap-slide.com\/wp-content\/uploads\/2023\/12\/Lett-1-2.jpg 900w, https:\/\/ap-slide.com\/wp-content\/uploads\/2023\/12\/Lett-1-2-225x300.jpg 225w, https:\/\/ap-slide.com\/wp-content\/uploads\/2023\/12\/Lett-1-2-768x1024.jpg 768w\" sizes=\"(max-width: 900px) 100vw, 900px\" \/><\/li>\n                <li style=\"display: none; width: 100%;\" class=\"slide-94 ms-image \" aria-roledescription=\"slide\" aria-label=\"slide-94\"><img loading=\"lazy\" decoding=\"async\" width=\"900\" height=\"1200\" src=\"https:\/\/ap-slide.com\/wp-content\/uploads\/2023\/12\/Lett-1-3.jpg\" class=\"slider-73 slide-94\" alt=\"\" rel=\"\" title=\"Lett 1 (3)\" srcset=\"https:\/\/ap-slide.com\/wp-content\/uploads\/2023\/12\/Lett-1-3.jpg 900w, https:\/\/ap-slide.com\/wp-content\/uploads\/2023\/12\/Lett-1-3-225x300.jpg 225w, https:\/\/ap-slide.com\/wp-content\/uploads\/2023\/12\/Lett-1-3-768x1024.jpg 768w\" sizes=\"(max-width: 900px) 100vw, 900px\" \/><\/li>\n                <li style=\"display: none; width: 100%;\" class=\"slide-95 ms-image \" aria-roledescription=\"slide\" aria-label=\"slide-95\"><img loading=\"lazy\" decoding=\"async\" width=\"900\" height=\"1200\" src=\"https:\/\/ap-slide.com\/wp-content\/uploads\/2023\/12\/Lett-1-4.jpg\" class=\"slider-73 slide-95\" alt=\"\" rel=\"\" title=\"Lett 1 (4)\" srcset=\"https:\/\/ap-slide.com\/wp-content\/uploads\/2023\/12\/Lett-1-4.jpg 900w, https:\/\/ap-slide.com\/wp-content\/uploads\/2023\/12\/Lett-1-4-225x300.jpg 225w, https:\/\/ap-slide.com\/wp-content\/uploads\/2023\/12\/Lett-1-4-768x1024.jpg 768w\" sizes=\"(max-width: 900px) 100vw, 900px\" \/><\/li>\n                <li style=\"display: none; width: 100%;\" class=\"slide-102 ms-image \" aria-roledescription=\"slide\" aria-label=\"slide-102\"><img loading=\"lazy\" decoding=\"async\" width=\"900\" height=\"1200\" src=\"https:\/\/ap-slide.com\/wp-content\/uploads\/2023\/12\/Volt-3-1.jpg\" class=\"slider-73 slide-102\" alt=\"\" rel=\"\" title=\"Volt 3 (1)\" srcset=\"https:\/\/ap-slide.com\/wp-content\/uploads\/2023\/12\/Volt-3-1.jpg 900w, https:\/\/ap-slide.com\/wp-content\/uploads\/2023\/12\/Volt-3-1-225x300.jpg 225w, https:\/\/ap-slide.com\/wp-content\/uploads\/2023\/12\/Volt-3-1-768x1024.jpg 768w\" sizes=\"(max-width: 900px) 100vw, 900px\" \/><\/li>\n                <li style=\"display: none; width: 100%;\" class=\"slide-98 ms-image \" aria-roledescription=\"slide\" aria-label=\"slide-98\"><img loading=\"lazy\" decoding=\"async\" width=\"900\" height=\"1200\" src=\"https:\/\/ap-slide.com\/wp-content\/uploads\/2023\/12\/lett-3-2.jpg\" class=\"slider-73 slide-98\" alt=\"\" rel=\"\" title=\"lett 3 (2)\" srcset=\"https:\/\/ap-slide.com\/wp-content\/uploads\/2023\/12\/lett-3-2.jpg 900w, https:\/\/ap-slide.com\/wp-content\/uploads\/2023\/12\/lett-3-2-225x300.jpg 225w, https:\/\/ap-slide.com\/wp-content\/uploads\/2023\/12\/lett-3-2-768x1024.jpg 768w\" sizes=\"(max-width: 900px) 100vw, 900px\" \/><\/li>\n                <li style=\"display: none; width: 100%;\" class=\"slide-103 ms-image \" aria-roledescription=\"slide\" aria-label=\"slide-103\"><img loading=\"lazy\" decoding=\"async\" width=\"900\" height=\"1200\" src=\"https:\/\/ap-slide.com\/wp-content\/uploads\/2023\/12\/Volt-3-2.jpg\" class=\"slider-73 slide-103\" alt=\"\" rel=\"\" title=\"Volt 3 (2)\" srcset=\"https:\/\/ap-slide.com\/wp-content\/uploads\/2023\/12\/Volt-3-2.jpg 900w, https:\/\/ap-slide.com\/wp-content\/uploads\/2023\/12\/Volt-3-2-225x300.jpg 225w, https:\/\/ap-slide.com\/wp-content\/uploads\/2023\/12\/Volt-3-2-768x1024.jpg 768w\" sizes=\"(max-width: 900px) 100vw, 900px\" \/><\/li>\n                <li style=\"display: none; width: 100%;\" class=\"slide-99 ms-image \" aria-roledescription=\"slide\" aria-label=\"slide-99\"><img loading=\"lazy\" decoding=\"async\" width=\"900\" height=\"1200\" src=\"https:\/\/ap-slide.com\/wp-content\/uploads\/2023\/12\/lett-3-3.jpg\" class=\"slider-73 slide-99\" alt=\"\" rel=\"\" title=\"lett 3 (3)\" srcset=\"https:\/\/ap-slide.com\/wp-content\/uploads\/2023\/12\/lett-3-3.jpg 900w, https:\/\/ap-slide.com\/wp-content\/uploads\/2023\/12\/lett-3-3-225x300.jpg 225w, https:\/\/ap-slide.com\/wp-content\/uploads\/2023\/12\/lett-3-3-768x1024.jpg 768w\" sizes=\"(max-width: 900px) 100vw, 900px\" \/><\/li>\n                <li style=\"display: none; width: 100%;\" class=\"slide-101 ms-image \" aria-roledescription=\"slide\" aria-label=\"slide-101\"><img loading=\"lazy\" decoding=\"async\" width=\"1200\" height=\"900\" src=\"https:\/\/ap-slide.com\/wp-content\/uploads\/2023\/12\/Volt-2.jpg\" class=\"slider-73 slide-101\" alt=\"\" rel=\"\" title=\"Volt 2\" srcset=\"https:\/\/ap-slide.com\/wp-content\/uploads\/2023\/12\/Volt-2.jpg 1200w, https:\/\/ap-slide.com\/wp-content\/uploads\/2023\/12\/Volt-2-300x225.jpg 300w, https:\/\/ap-slide.com\/wp-content\/uploads\/2023\/12\/Volt-2-1024x768.jpg 1024w, https:\/\/ap-slide.com\/wp-content\/uploads\/2023\/12\/Volt-2-768x576.jpg 768w\" sizes=\"(max-width: 1200px) 100vw, 1200px\" \/><\/li>\n                <li style=\"display: none; width: 100%;\" class=\"slide-96 ms-image \" aria-roledescription=\"slide\" aria-label=\"slide-96\"><img loading=\"lazy\" decoding=\"async\" width=\"900\" height=\"1200\" src=\"https:\/\/ap-slide.com\/wp-content\/uploads\/2023\/12\/Lett-2.jpg\" class=\"slider-73 slide-96\" alt=\"\" rel=\"\" title=\"Lett 2\" srcset=\"https:\/\/ap-slide.com\/wp-content\/uploads\/2023\/12\/Lett-2.jpg 900w, https:\/\/ap-slide.com\/wp-content\/uploads\/2023\/12\/Lett-2-225x300.jpg 225w, https:\/\/ap-slide.com\/wp-content\/uploads\/2023\/12\/Lett-2-768x1024.jpg 768w\" sizes=\"(max-width: 900px) 100vw, 900px\" \/><\/li>\n                <li style=\"display: none; width: 100%;\" class=\"slide-104 ms-image \" aria-roledescription=\"slide\" aria-label=\"slide-104\"><img loading=\"lazy\" decoding=\"async\" width=\"900\" height=\"1200\" src=\"https:\/\/ap-slide.com\/wp-content\/uploads\/2023\/12\/Volt-3-3.jpg\" class=\"slider-73 slide-104\" alt=\"\" rel=\"\" title=\"Volt 3 (3)\" srcset=\"https:\/\/ap-slide.com\/wp-content\/uploads\/2023\/12\/Volt-3-3.jpg 900w, https:\/\/ap-slide.com\/wp-content\/uploads\/2023\/12\/Volt-3-3-225x300.jpg 225w, https:\/\/ap-slide.com\/wp-content\/uploads\/2023\/12\/Volt-3-3-768x1024.jpg 768w\" sizes=\"(max-width: 900px) 100vw, 900px\" \/><\/li>\n                <li style=\"display: none; width: 100%;\" class=\"slide-105 ms-image \" aria-roledescription=\"slide\" aria-label=\"slide-105\"><img loading=\"lazy\" decoding=\"async\" width=\"900\" height=\"1200\" src=\"https:\/\/ap-slide.com\/wp-content\/uploads\/2023\/12\/Volt-3-4.jpg\" class=\"slider-73 slide-105\" alt=\"\" rel=\"\" title=\"Volt 3 (4)\" srcset=\"https:\/\/ap-slide.com\/wp-content\/uploads\/2023\/12\/Volt-3-4.jpg 900w, https:\/\/ap-slide.com\/wp-content\/uploads\/2023\/12\/Volt-3-4-225x300.jpg 225w, https:\/\/ap-slide.com\/wp-content\/uploads\/2023\/12\/Volt-3-4-768x1024.jpg 768w\" sizes=\"(max-width: 900px) 100vw, 900px\" \/><\/li>\n                <li style=\"display: none; width: 100%;\" class=\"slide-106 ms-image \" aria-roledescription=\"slide\" aria-label=\"slide-106\"><img loading=\"lazy\" decoding=\"async\" width=\"900\" height=\"1200\" src=\"https:\/\/ap-slide.com\/wp-content\/uploads\/2023\/12\/Volt-3-5.jpg\" class=\"slider-73 slide-106\" alt=\"\" rel=\"\" title=\"Volt 3 (5)\" srcset=\"https:\/\/ap-slide.com\/wp-content\/uploads\/2023\/12\/Volt-3-5.jpg 900w, https:\/\/ap-slide.com\/wp-content\/uploads\/2023\/12\/Volt-3-5-225x300.jpg 225w, https:\/\/ap-slide.com\/wp-content\/uploads\/2023\/12\/Volt-3-5-768x1024.jpg 768w\" sizes=\"(max-width: 900px) 100vw, 900px\" \/><\/li>\n                <li style=\"display: none; width: 100%;\" class=\"slide-107 ms-image \" aria-roledescription=\"slide\" aria-label=\"slide-107\"><img loading=\"lazy\" decoding=\"async\" width=\"900\" height=\"1200\" src=\"https:\/\/ap-slide.com\/wp-content\/uploads\/2023\/12\/Volt-3-6.jpg\" class=\"slider-73 slide-107\" alt=\"\" rel=\"\" title=\"Volt 3 (6)\" srcset=\"https:\/\/ap-slide.com\/wp-content\/uploads\/2023\/12\/Volt-3-6.jpg 900w, https:\/\/ap-slide.com\/wp-content\/uploads\/2023\/12\/Volt-3-6-225x300.jpg 225w, https:\/\/ap-slide.com\/wp-content\/uploads\/2023\/12\/Volt-3-6-768x1024.jpg 768w\" sizes=\"(max-width: 900px) 100vw, 900px\" \/><\/li>\n                <li style=\"display: none; width: 100%;\" class=\"slide-108 ms-image \" aria-roledescription=\"slide\" aria-label=\"slide-108\"><img loading=\"lazy\" decoding=\"async\" width=\"900\" height=\"1200\" src=\"https:\/\/ap-slide.com\/wp-content\/uploads\/2023\/12\/Volt-3-7.jpg\" class=\"slider-73 slide-108\" alt=\"\" rel=\"\" title=\"Volt 3 (7)\" srcset=\"https:\/\/ap-slide.com\/wp-content\/uploads\/2023\/12\/Volt-3-7.jpg 900w, https:\/\/ap-slide.com\/wp-content\/uploads\/2023\/12\/Volt-3-7-225x300.jpg 225w, https:\/\/ap-slide.com\/wp-content\/uploads\/2023\/12\/Volt-3-7-768x1024.jpg 768w\" sizes=\"(max-width: 900px) 100vw, 900px\" \/><\/li>\n                <li style=\"display: none; width: 100%;\" class=\"slide-109 ms-image \" aria-roledescription=\"slide\" aria-label=\"slide-109\"><img loading=\"lazy\" decoding=\"async\" width=\"900\" height=\"1200\" src=\"https:\/\/ap-slide.com\/wp-content\/uploads\/2023\/12\/Volt-3-8.jpg\" class=\"slider-73 slide-109\" alt=\"\" rel=\"\" title=\"Volt 3 (8)\" srcset=\"https:\/\/ap-slide.com\/wp-content\/uploads\/2023\/12\/Volt-3-8.jpg 900w, https:\/\/ap-slide.com\/wp-content\/uploads\/2023\/12\/Volt-3-8-225x300.jpg 225w, https:\/\/ap-slide.com\/wp-content\/uploads\/2023\/12\/Volt-3-8-768x1024.jpg 768w\" sizes=\"(max-width: 900px) 100vw, 900px\" \/><\/li>\n                <li style=\"display: none; width: 100%;\" class=\"slide-97 ms-image \" aria-roledescription=\"slide\" aria-label=\"slide-97\"><img loading=\"lazy\" decoding=\"async\" width=\"1200\" height=\"900\" src=\"https:\/\/ap-slide.com\/wp-content\/uploads\/2023\/12\/lett-3-1.jpg\" class=\"slider-73 slide-97\" alt=\"\" rel=\"\" title=\"lett 3 (1)\" srcset=\"https:\/\/ap-slide.com\/wp-content\/uploads\/2023\/12\/lett-3-1.jpg 1200w, https:\/\/ap-slide.com\/wp-content\/uploads\/2023\/12\/lett-3-1-300x225.jpg 300w, https:\/\/ap-slide.com\/wp-content\/uploads\/2023\/12\/lett-3-1-1024x768.jpg 1024w, https:\/\/ap-slide.com\/wp-content\/uploads\/2023\/12\/lett-3-1-768x576.jpg 768w\" sizes=\"(max-width: 1200px) 100vw, 1200px\" \/><\/li>\n            <\/ul>\n        <\/div>\n        \n    <\/div>\n<\/div>\n","protected":false},"excerpt":{"rendered":"","protected":false},"author":1,"featured_media":0,"parent":70,"menu_order":0,"comment_status":"closed","ping_status":"closed","template":"","meta":{"footnotes":""},"_links":{"self":[{"href":"https:\/\/ap-slide.com\/index.php?rest_route=\/wp\/v2\/pages\/193"}],"collection":[{"href":"https:\/\/ap-slide.com\/index.php?rest_route=\/wp\/v2\/pages"}],"about":[{"href":"https:\/\/ap-slide.com\/index.php?rest_route=\/wp\/v2\/types\/page"}],"author":[{"embeddable":true,"href":"https:\/\/ap-slide.com\/index.php?rest_route=\/wp\/v2\/users\/1"}],"replies":[{"embeddable":true,"href":"https:\/\/ap-slide.com\/index.php?rest_route=%2Fwp%2Fv2%2Fcomments&post=193"}],"version-history":[{"count":4,"href":"https:\/\/ap-slide.com\/index.php?rest_route=\/wp\/v2\/pages\/193\/revisions"}],"predecessor-version":[{"id":424,"href":"https:\/\/ap-slide.com\/index.php?rest_route=\/wp\/v2\/pages\/193\/revisions\/424"}],"up":[{"embeddable":true,"href":"https:\/\/ap-slide.com\/index.php?rest_route=\/wp\/v2\/pages\/70"}],"wp:attachment":[{"href":"https:\/\/ap-slide.com\/index.php?rest_route=%2Fwp%2Fv2%2Fmedia&parent=193"}],"curies":[{"name":"wp","href":"https:\/\/api.w.org\/{rel}","templated":true}]}}