{"id":200,"date":"2023-12-23T17:58:40","date_gmt":"2023-12-23T16:58:40","guid":{"rendered":"https:\/\/ap-slide.com\/?page_id=200"},"modified":"2024-02-06T10:30:43","modified_gmt":"2024-02-06T09:30:43","slug":"gyermekcsuszdak-telepitese","status":"publish","type":"page","link":"https:\/\/ap-slide.com\/?page_id=200","title":{"rendered":"Gyermekcs\u00faszd\u00e1k telep\u00edt\u00e9se"},"content":{"rendered":"<p style=\"text-align: center;\"><div id=\"metaslider-id-122\" style=\"max-width: 700px; margin: 0 auto;\" class=\"ml-slider-3-61-0 metaslider metaslider-flex metaslider-122 ml-slider ms-theme-default nav-hidden\" role=\"region\" aria-roledescription=\"Slideshow\" aria-label=\"gyermekcsuszda\">\n    <div id=\"metaslider_container_122\">\n        <div id=\"metaslider_122\">\n            <ul aria-live=\"polite\" class=\"slides\">\n                <li style=\"display: block; width: 100%;\" class=\"slide-127 ms-image \" aria-roledescription=\"slide\" aria-label=\"slide-127\"><img loading=\"lazy\" decoding=\"async\" width=\"1200\" height=\"675\" src=\"https:\/\/ap-slide.com\/wp-content\/uploads\/2023\/12\/egyenes.jpg\" class=\"slider-122 slide-127\" alt=\"\" rel=\"\" title=\"egyenes\" srcset=\"https:\/\/ap-slide.com\/wp-content\/uploads\/2023\/12\/egyenes.jpg 1200w, https:\/\/ap-slide.com\/wp-content\/uploads\/2023\/12\/egyenes-300x169.jpg 300w, https:\/\/ap-slide.com\/wp-content\/uploads\/2023\/12\/egyenes-1024x576.jpg 1024w, https:\/\/ap-slide.com\/wp-content\/uploads\/2023\/12\/egyenes-768x432.jpg 768w\" sizes=\"(max-width: 1200px) 100vw, 1200px\" \/><\/li>\n                <li style=\"display: none; width: 100%;\" class=\"slide-128 ms-image \" aria-roledescription=\"slide\" aria-label=\"slide-128\"><img loading=\"lazy\" decoding=\"async\" width=\"1200\" height=\"675\" src=\"https:\/\/ap-slide.com\/wp-content\/uploads\/2023\/12\/elefant.jpg\" class=\"slider-122 slide-128\" alt=\"\" rel=\"\" title=\"elef\u0102\u02c7nt\" srcset=\"https:\/\/ap-slide.com\/wp-content\/uploads\/2023\/12\/elefant.jpg 1200w, https:\/\/ap-slide.com\/wp-content\/uploads\/2023\/12\/elefant-300x169.jpg 300w, https:\/\/ap-slide.com\/wp-content\/uploads\/2023\/12\/elefant-1024x576.jpg 1024w, https:\/\/ap-slide.com\/wp-content\/uploads\/2023\/12\/elefant-768x432.jpg 768w\" sizes=\"(max-width: 1200px) 100vw, 1200px\" \/><\/li>\n                <li style=\"display: none; width: 100%;\" class=\"slide-129 ms-image \" aria-roledescription=\"slide\" aria-label=\"slide-129\"><img loading=\"lazy\" decoding=\"async\" width=\"1200\" height=\"900\" src=\"https:\/\/ap-slide.com\/wp-content\/uploads\/2023\/12\/IMG20230629125621.jpg\" class=\"slider-122 slide-129\" alt=\"\" rel=\"\" title=\"IMG20230629125621\" srcset=\"https:\/\/ap-slide.com\/wp-content\/uploads\/2023\/12\/IMG20230629125621.jpg 1200w, https:\/\/ap-slide.com\/wp-content\/uploads\/2023\/12\/IMG20230629125621-300x225.jpg 300w, https:\/\/ap-slide.com\/wp-content\/uploads\/2023\/12\/IMG20230629125621-1024x768.jpg 1024w, https:\/\/ap-slide.com\/wp-content\/uploads\/2023\/12\/IMG20230629125621-768x576.jpg 768w\" sizes=\"(max-width: 1200px) 100vw, 1200px\" \/><\/li>\n                <li style=\"display: none; width: 100%;\" class=\"slide-130 ms-image \" aria-roledescription=\"slide\" aria-label=\"slide-130\"><img loading=\"lazy\" decoding=\"async\" width=\"1200\" height=\"900\" src=\"https:\/\/ap-slide.com\/wp-content\/uploads\/2023\/12\/IMG20230629125632.jpg\" class=\"slider-122 slide-130\" alt=\"\" rel=\"\" title=\"IMG20230629125632\" srcset=\"https:\/\/ap-slide.com\/wp-content\/uploads\/2023\/12\/IMG20230629125632.jpg 1200w, https:\/\/ap-slide.com\/wp-content\/uploads\/2023\/12\/IMG20230629125632-300x225.jpg 300w, https:\/\/ap-slide.com\/wp-content\/uploads\/2023\/12\/IMG20230629125632-1024x768.jpg 1024w, https:\/\/ap-slide.com\/wp-content\/uploads\/2023\/12\/IMG20230629125632-768x576.jpg 768w\" sizes=\"(max-width: 1200px) 100vw, 1200px\" \/><\/li>\n            <\/ul>\n        <\/div>\n        \n    <\/div>\n<\/div><\/p>\n","protected":false},"excerpt":{"rendered":"","protected":false},"author":1,"featured_media":0,"parent":70,"menu_order":0,"comment_status":"closed","ping_status":"closed","template":"","meta":{"footnotes":""},"_links":{"self":[{"href":"https:\/\/ap-slide.com\/index.php?rest_route=\/wp\/v2\/pages\/200"}],"collection":[{"href":"https:\/\/ap-slide.com\/index.php?rest_route=\/wp\/v2\/pages"}],"about":[{"href":"https:\/\/ap-slide.com\/index.php?rest_route=\/wp\/v2\/types\/page"}],"author":[{"embeddable":true,"href":"https:\/\/ap-slide.com\/index.php?rest_route=\/wp\/v2\/users\/1"}],"replies":[{"embeddable":true,"href":"https:\/\/ap-slide.com\/index.php?rest_route=%2Fwp%2Fv2%2Fcomments&post=200"}],"version-history":[{"count":3,"href":"https:\/\/ap-slide.com\/index.php?rest_route=\/wp\/v2\/pages\/200\/revisions"}],"predecessor-version":[{"id":426,"href":"https:\/\/ap-slide.com\/index.php?rest_route=\/wp\/v2\/pages\/200\/revisions\/426"}],"up":[{"embeddable":true,"href":"https:\/\/ap-slide.com\/index.php?rest_route=\/wp\/v2\/pages\/70"}],"wp:attachment":[{"href":"https:\/\/ap-slide.com\/index.php?rest_route=%2Fwp%2Fv2%2Fmedia&parent=200"}],"curies":[{"name":"wp","href":"https:\/\/api.w.org\/{rel}","templated":true}]}}