{"id":53,"date":"2023-12-22T09:35:29","date_gmt":"2023-12-22T08:35:29","guid":{"rendered":"https:\/\/ap-slide.com\/?page_id=53"},"modified":"2024-02-06T10:36:59","modified_gmt":"2024-02-06T09:36:59","slug":"spray-park-vizes-jatszoter-felujitasa","status":"publish","type":"page","link":"https:\/\/ap-slide.com\/?page_id=53","title":{"rendered":"Spray park (vizes j\u00e1tsz\u00f3t\u00e9r) fel\u00faj\u00edt\u00e1sa"},"content":{"rendered":"<p style=\"text-align: center;\"><div id=\"metaslider-id-396\" style=\"max-width: 700px; margin: 0 auto;\" class=\"ml-slider-3-61-0 metaslider metaslider-flex metaslider-396 ml-slider ms-theme-default nav-hidden\" role=\"region\" aria-roledescription=\"Slideshow\" aria-label=\"sparay-park_felujitasa\">\n    <div id=\"metaslider_container_396\">\n        <div id=\"metaslider_396\">\n            <ul aria-live=\"polite\" class=\"slides\">\n                <li style=\"display: block; width: 100%;\" class=\"slide-410 ms-image \" aria-roledescription=\"slide\" aria-label=\"slide-410\"><img loading=\"lazy\" decoding=\"async\" width=\"1200\" height=\"900\" src=\"https:\/\/ap-slide.com\/wp-content\/uploads\/2023\/12\/Volt-1-9.jpg\" class=\"slider-396 slide-410\" alt=\"\" rel=\"\" title=\"Volt (1)\" srcset=\"https:\/\/ap-slide.com\/wp-content\/uploads\/2023\/12\/Volt-1-9.jpg 1200w, https:\/\/ap-slide.com\/wp-content\/uploads\/2023\/12\/Volt-1-9-300x225.jpg 300w, https:\/\/ap-slide.com\/wp-content\/uploads\/2023\/12\/Volt-1-9-1024x768.jpg 1024w, https:\/\/ap-slide.com\/wp-content\/uploads\/2023\/12\/Volt-1-9-768x576.jpg 768w\" sizes=\"(max-width: 1200px) 100vw, 1200px\" \/><\/li>\n                <li style=\"display: none; width: 100%;\" class=\"slide-406 ms-image \" aria-roledescription=\"slide\" aria-label=\"slide-406\"><img loading=\"lazy\" decoding=\"async\" width=\"1200\" height=\"900\" src=\"https:\/\/ap-slide.com\/wp-content\/uploads\/2023\/12\/Lett-1.jpg\" class=\"slider-396 slide-406\" alt=\"\" rel=\"\" title=\"Lett (1)\" srcset=\"https:\/\/ap-slide.com\/wp-content\/uploads\/2023\/12\/Lett-1.jpg 1200w, https:\/\/ap-slide.com\/wp-content\/uploads\/2023\/12\/Lett-1-300x225.jpg 300w, https:\/\/ap-slide.com\/wp-content\/uploads\/2023\/12\/Lett-1-1024x768.jpg 1024w, https:\/\/ap-slide.com\/wp-content\/uploads\/2023\/12\/Lett-1-768x576.jpg 768w\" sizes=\"(max-width: 1200px) 100vw, 1200px\" \/><\/li>\n                <li style=\"display: none; width: 100%;\" class=\"slide-411 ms-image \" aria-roledescription=\"slide\" aria-label=\"slide-411\"><img loading=\"lazy\" decoding=\"async\" width=\"1200\" height=\"900\" src=\"https:\/\/ap-slide.com\/wp-content\/uploads\/2023\/12\/Volt-2-5.jpg\" class=\"slider-396 slide-411\" alt=\"\" rel=\"\" title=\"Volt (2)\" srcset=\"https:\/\/ap-slide.com\/wp-content\/uploads\/2023\/12\/Volt-2-5.jpg 1200w, https:\/\/ap-slide.com\/wp-content\/uploads\/2023\/12\/Volt-2-5-300x225.jpg 300w, https:\/\/ap-slide.com\/wp-content\/uploads\/2023\/12\/Volt-2-5-1024x768.jpg 1024w, https:\/\/ap-slide.com\/wp-content\/uploads\/2023\/12\/Volt-2-5-768x576.jpg 768w\" sizes=\"(max-width: 1200px) 100vw, 1200px\" \/><\/li>\n                <li style=\"display: none; width: 100%;\" class=\"slide-407 ms-image \" aria-roledescription=\"slide\" aria-label=\"slide-407\"><img loading=\"lazy\" decoding=\"async\" width=\"1200\" height=\"900\" src=\"https:\/\/ap-slide.com\/wp-content\/uploads\/2023\/12\/Lett-2-8.jpg\" class=\"slider-396 slide-407\" alt=\"\" rel=\"\" title=\"Lett (2)\" srcset=\"https:\/\/ap-slide.com\/wp-content\/uploads\/2023\/12\/Lett-2-8.jpg 1200w, https:\/\/ap-slide.com\/wp-content\/uploads\/2023\/12\/Lett-2-8-300x225.jpg 300w, https:\/\/ap-slide.com\/wp-content\/uploads\/2023\/12\/Lett-2-8-1024x768.jpg 1024w, https:\/\/ap-slide.com\/wp-content\/uploads\/2023\/12\/Lett-2-8-768x576.jpg 768w\" sizes=\"(max-width: 1200px) 100vw, 1200px\" \/><\/li>\n                <li style=\"display: none; width: 100%;\" class=\"slide-412 ms-image \" aria-roledescription=\"slide\" aria-label=\"slide-412\"><img loading=\"lazy\" decoding=\"async\" width=\"1200\" height=\"900\" src=\"https:\/\/ap-slide.com\/wp-content\/uploads\/2023\/12\/Volt-3.jpg\" class=\"slider-396 slide-412\" alt=\"\" rel=\"\" title=\"Volt (3)\" srcset=\"https:\/\/ap-slide.com\/wp-content\/uploads\/2023\/12\/Volt-3.jpg 1200w, https:\/\/ap-slide.com\/wp-content\/uploads\/2023\/12\/Volt-3-300x225.jpg 300w, https:\/\/ap-slide.com\/wp-content\/uploads\/2023\/12\/Volt-3-1024x768.jpg 1024w, https:\/\/ap-slide.com\/wp-content\/uploads\/2023\/12\/Volt-3-768x576.jpg 768w\" sizes=\"(max-width: 1200px) 100vw, 1200px\" \/><\/li>\n                <li style=\"display: none; width: 100%;\" class=\"slide-408 ms-image \" aria-roledescription=\"slide\" aria-label=\"slide-408\"><img loading=\"lazy\" decoding=\"async\" width=\"1200\" height=\"900\" src=\"https:\/\/ap-slide.com\/wp-content\/uploads\/2023\/12\/Lett-3.jpg\" class=\"slider-396 slide-408\" alt=\"\" rel=\"\" title=\"Lett (3)\" srcset=\"https:\/\/ap-slide.com\/wp-content\/uploads\/2023\/12\/Lett-3.jpg 1200w, https:\/\/ap-slide.com\/wp-content\/uploads\/2023\/12\/Lett-3-300x225.jpg 300w, https:\/\/ap-slide.com\/wp-content\/uploads\/2023\/12\/Lett-3-1024x768.jpg 1024w, https:\/\/ap-slide.com\/wp-content\/uploads\/2023\/12\/Lett-3-768x576.jpg 768w\" sizes=\"(max-width: 1200px) 100vw, 1200px\" \/><\/li>\n                <li style=\"display: none; width: 100%;\" class=\"slide-413 ms-image \" aria-roledescription=\"slide\" aria-label=\"slide-413\"><img loading=\"lazy\" decoding=\"async\" width=\"1200\" height=\"900\" src=\"https:\/\/ap-slide.com\/wp-content\/uploads\/2023\/12\/Volt-4.jpg\" class=\"slider-396 slide-413\" alt=\"\" rel=\"\" title=\"Volt (4)\" srcset=\"https:\/\/ap-slide.com\/wp-content\/uploads\/2023\/12\/Volt-4.jpg 1200w, https:\/\/ap-slide.com\/wp-content\/uploads\/2023\/12\/Volt-4-300x225.jpg 300w, https:\/\/ap-slide.com\/wp-content\/uploads\/2023\/12\/Volt-4-1024x768.jpg 1024w, https:\/\/ap-slide.com\/wp-content\/uploads\/2023\/12\/Volt-4-768x576.jpg 768w\" sizes=\"(max-width: 1200px) 100vw, 1200px\" \/><\/li>\n                <li style=\"display: none; width: 100%;\" class=\"slide-409 ms-image \" aria-roledescription=\"slide\" aria-label=\"slide-409\"><img loading=\"lazy\" decoding=\"async\" width=\"1200\" height=\"900\" src=\"https:\/\/ap-slide.com\/wp-content\/uploads\/2023\/12\/Lett-4.jpg\" class=\"slider-396 slide-409\" alt=\"\" rel=\"\" title=\"Lett (4)\" srcset=\"https:\/\/ap-slide.com\/wp-content\/uploads\/2023\/12\/Lett-4.jpg 1200w, https:\/\/ap-slide.com\/wp-content\/uploads\/2023\/12\/Lett-4-300x225.jpg 300w, https:\/\/ap-slide.com\/wp-content\/uploads\/2023\/12\/Lett-4-1024x768.jpg 1024w, https:\/\/ap-slide.com\/wp-content\/uploads\/2023\/12\/Lett-4-768x576.jpg 768w\" sizes=\"(max-width: 1200px) 100vw, 1200px\" \/><\/li>\n                <li style=\"display: none; width: 100%;\" class=\"slide-414 ms-image \" aria-roledescription=\"slide\" aria-label=\"slide-414\"><img loading=\"lazy\" decoding=\"async\" width=\"900\" height=\"1200\" src=\"https:\/\/ap-slide.com\/wp-content\/uploads\/2023\/12\/Volt-5.jpg\" class=\"slider-396 slide-414\" alt=\"\" rel=\"\" title=\"Volt (5)\" srcset=\"https:\/\/ap-slide.com\/wp-content\/uploads\/2023\/12\/Volt-5.jpg 900w, https:\/\/ap-slide.com\/wp-content\/uploads\/2023\/12\/Volt-5-225x300.jpg 225w, https:\/\/ap-slide.com\/wp-content\/uploads\/2023\/12\/Volt-5-768x1024.jpg 768w\" sizes=\"(max-width: 900px) 100vw, 900px\" \/><\/li>\n            <\/ul>\n        <\/div>\n        \n    <\/div>\n<\/div><\/p>\n","protected":false},"excerpt":{"rendered":"","protected":false},"author":1,"featured_media":0,"parent":42,"menu_order":0,"comment_status":"closed","ping_status":"closed","template":"","meta":{"footnotes":""},"_links":{"self":[{"href":"https:\/\/ap-slide.com\/index.php?rest_route=\/wp\/v2\/pages\/53"}],"collection":[{"href":"https:\/\/ap-slide.com\/index.php?rest_route=\/wp\/v2\/pages"}],"about":[{"href":"https:\/\/ap-slide.com\/index.php?rest_route=\/wp\/v2\/types\/page"}],"author":[{"embeddable":true,"href":"https:\/\/ap-slide.com\/index.php?rest_route=\/wp\/v2\/users\/1"}],"replies":[{"embeddable":true,"href":"https:\/\/ap-slide.com\/index.php?rest_route=%2Fwp%2Fv2%2Fcomments&post=53"}],"version-history":[{"count":3,"href":"https:\/\/ap-slide.com\/index.php?rest_route=\/wp\/v2\/pages\/53\/revisions"}],"predecessor-version":[{"id":434,"href":"https:\/\/ap-slide.com\/index.php?rest_route=\/wp\/v2\/pages\/53\/revisions\/434"}],"up":[{"embeddable":true,"href":"https:\/\/ap-slide.com\/index.php?rest_route=\/wp\/v2\/pages\/42"}],"wp:attachment":[{"href":"https:\/\/ap-slide.com\/index.php?rest_route=%2Fwp%2Fv2%2Fmedia&parent=53"}],"curies":[{"name":"wp","href":"https:\/\/api.w.org\/{rel}","templated":true}]}}