{"id":61,"date":"2023-12-22T09:39:19","date_gmt":"2023-12-22T08:39:19","guid":{"rendered":"https:\/\/ap-slide.com\/?page_id=61"},"modified":"2024-02-06T10:39:10","modified_gmt":"2024-02-06T09:39:10","slug":"refernciak","status":"publish","type":"page","link":"https:\/\/ap-slide.com\/?page_id=61","title":{"rendered":"Referenci\u00e1k"},"content":{"rendered":"<p><span style=\"font-size: 18pt;\"><strong>T\u00e1rsas\u00e1gunk alap\u00edt\u00e1sa \u00f3ta a k\u00f6vetkez\u0151 helyeken v\u00e9gezt\u00fcnk ITM24\/2020 rendelet szerinti cs\u00faszdafel\u00faj\u00edt\u00e1sokat:<\/strong><\/span><\/p>\n<ul>\n<li>Ajka, v\u00e1rosi Strandf\u00fcrd\u0151<\/li>\n<li>Als\u00f3p\u00e1hok, Kolping hotel<\/li>\n<li>Aquaworld Resort Budapest<\/li>\n<li>B\u00e9k\u00e9scsaba<\/li>\n<li>Bog\u00e1cs<\/li>\n<li>Csokonyavisonta<\/li>\n<li>D\u00e1vod<\/li>\n<li>Debrecen Aquaticum<\/li>\n<li>Dunakiliti, Diamant Hotel<\/li>\n<li>Eger<\/li>\n<li>Fony\u00f3dliget, Balatoni strand<\/li>\n<li>Gyulai V\u00e1rf\u00fcrd\u0151<\/li>\n<li>Hajd\u00fab\u00f6sz\u00f6rm\u00e9ny<\/li>\n<li>Hajd\u00faszoboszl\u00f3<\/li>\n<li>Kecskem\u00e9t<\/li>\n<li>Kiskunf\u00e9legyh\u00e1za<\/li>\n<li>Kiskunmajsa<\/li>\n<li>Kis\u00fajsz\u00e1ll\u00e1s, Kum\u00e1nia<\/li>\n<li>Kom\u00e1rom, VF Szabadid\u0151park<\/li>\n<li>Kom\u00e1rno<\/li>\n<li>Lenti<\/li>\n<li>Magyarhertelend<\/li>\n<li>Mez\u0151k\u00f6vesd, Zs\u00f3ry F\u00fcrd\u0151<\/li>\n<li>Mogyor\u00f3d, Aquar\u00e9na<\/li>\n<li>Nagyk\u00e1ta<\/li>\n<li>Ny\u00edregyh\u00e1za, S\u00f3st\u00f3 f\u00fcrd\u0151<\/li>\n<li>P\u00e1pai V\u00e1rf\u00fcrd\u0151<\/li>\n<li>R\u00e1ckeve<\/li>\n<li>Sz\u00e9kesfeh\u00e9rv\u00e1r, Sz\u00e1rcsa Hotel<\/li>\n<li>Szentes<\/li>\n<li>Tisza\u00fajv\u00e1ros<\/li>\n<li>Tiszavasv\u00e1ri<\/li>\n<li>T\u00farkeve<\/li>\n<li>Zalakaros<\/li>\n<\/ul>\n<p><em><span style=\"font-size: 14pt;\">Kifejezett \u00f6r\u00f6m \u00e9s szakmai siker, hogy az \u00e9rintett f\u00fcrd\u0151k \u00e9s telep\u00fcl\u00e9sek k\u00f6z\u00fcl t\u00f6bben a k\u00f6telez\u0151 fel\u00faj\u00edt\u00e1sokon k\u00edv\u00fcl m\u00e1r egy\u00e9b karbantart\u00e1si \u00e9s jav\u00edt\u00e1si feladatokra is T\u00e1rsas\u00e1gunkat k\u00e9rik fel.<\/span><\/em><\/p>\n<p><span style=\"font-size: 18pt;\"><strong>A cs\u00faszd\u00e1k rendelet szerinti fel\u00faj\u00edt\u00e1sa mellett ig\u00e9ny mutatkozott cs\u00faszd\u00e1k \u00e9p\u00edt\u00e9sre, telep\u00edt\u00e9s\u00e9re, s volt eset, hogy bont\u00e1s\u00e1ra is:<\/strong><\/span><\/p>\n<ul>\n<li>Bog\u00e1cs &#8211; gyermek cs\u00faszda \u00e9s j\u00e1tsz\u00f3 torony telep\u00edt\u00e9se (2022, j\u00fanius)<\/li>\n<li>Vasad, N\u00e1das T\u00f3 Park Hotel &#8211; \u00f3ri\u00e1scs\u00faszda telep\u00edt\u00e9se (2022 j\u00fanius)<\/li>\n<li>Kaba\u00a0\u00a0 &#8211; gyermek cs\u00faszda \u00e9s j\u00e1tsz\u00f3 torony telep\u00edt\u00e9se (2023, m\u00e1jus)<\/li>\n<li>Bog\u00e1cs &#8211; 2. gyermek cs\u00faszda \u00e9s j\u00e1tsz\u00f3 torony telep\u00edt\u00e9se (2023, m\u00e1jus)<\/li>\n<li>Nagykanizsa &#8211; gyermek cs\u00faszda \u00e9s j\u00e1tsz\u00f3 torony telep\u00edt\u00e9se (2023, j\u00fanius)<\/li>\n<li>Zalakaros &#8211; &#8222;Kamikaze&#8221; cs\u00faszda bont\u00e1sa (2022 j\u00fanius)<\/li>\n<\/ul>\n<p><span style=\"font-size: 18pt;\"><strong>T\u00e1rsas\u00e1gunk a cs\u00faszd\u00e1khoz k\u00f6t\u0151d\u0151 fel\u00faj\u00edt\u00e1si tev\u00e9kenys\u00e9gen k\u00edv\u00fcl egy\u00e9b felk\u00e9r\u00e9seknek is eleget tett:<\/strong><\/span><\/p>\n<ul>\n<li>Bog\u00e1cs &#8211; cs\u00faszda v\u00edzg\u00e9p\u00e9szet r\u00e9szleges cser\u00e9je \u00e9s beszab\u00e1lyoz\u00e1sa.<\/li>\n<li>Aquaworld Resort Budapest &#8211; 300 m2 Spray park (vizes j\u00e1tsz\u00f3t\u00e9r) teljes k\u00f6r\u0171 fel\u00faj\u00edt\u00e1sa.<\/li>\n<li>Aquaworld Resort Budapest\u00a0\u00a0 &#8211; UFO cs\u00faszda m\u00e1sodlagos nedves\u00edt\u0151 rendszer\u00e9nek KPE, DN 63 teljes hosszban t\u00f6rt\u00e9n\u0151 cser\u00e9je (50 fm)<\/li>\n<li>Aquaworld Resort Budapest &#8211; Hagyma cs\u00faszda m\u00e1sodlagos nedves\u00edt\u0151 rendszer\u00e9nek KPE, DN 50 teljes hosszban t\u00f6rt\u00e9n\u0151 cser\u00e9je (20 fm)<\/li>\n<\/ul>\n","protected":false},"excerpt":{"rendered":"<p>T\u00e1rsas\u00e1gunk alap\u00edt\u00e1sa \u00f3ta a k\u00f6vetkez\u0151 helyeken v\u00e9gezt\u00fcnk ITM24\/2020 rendelet szerinti cs\u00faszdafel\u00faj\u00edt\u00e1sokat: Ajka, v\u00e1rosi Strandf\u00fcrd\u0151 Als\u00f3p\u00e1hok, Kolping hotel Aquaworld Resort Budapest B\u00e9k\u00e9scsaba Bog\u00e1cs Csokonyavisonta D\u00e1vod Debrecen Aquaticum Dunakiliti, Diamant Hotel Eger Fony\u00f3dliget, Balatoni strand Gyulai V\u00e1rf\u00fcrd\u0151 Hajd\u00fab\u00f6sz\u00f6rm\u00e9ny Hajd\u00faszoboszl\u00f3 Kecskem\u00e9t Kiskunf\u00e9legyh\u00e1za Kiskunmajsa Kis\u00fajsz\u00e1ll\u00e1s, Kum\u00e1nia Kom\u00e1rom, VF Szabadid\u0151park Kom\u00e1rno Lenti Magyarhertelend Mez\u0151k\u00f6vesd, Zs\u00f3ry F\u00fcrd\u0151 Mogyor\u00f3d, Aquar\u00e9na Nagyk\u00e1ta Ny\u00edregyh\u00e1za, &#8230; <a title=\"Referenci\u00e1k\" class=\"read-more\" href=\"https:\/\/ap-slide.com\/?page_id=61\" aria-label=\"Read more about Referenci\u00e1k\">Olvass tov\u00e1bb<\/a><\/p>\n","protected":false},"author":1,"featured_media":0,"parent":0,"menu_order":0,"comment_status":"closed","ping_status":"closed","template":"","meta":{"footnotes":""},"_links":{"self":[{"href":"https:\/\/ap-slide.com\/index.php?rest_route=\/wp\/v2\/pages\/61"}],"collection":[{"href":"https:\/\/ap-slide.com\/index.php?rest_route=\/wp\/v2\/pages"}],"about":[{"href":"https:\/\/ap-slide.com\/index.php?rest_route=\/wp\/v2\/types\/page"}],"author":[{"embeddable":true,"href":"https:\/\/ap-slide.com\/index.php?rest_route=\/wp\/v2\/users\/1"}],"replies":[{"embeddable":true,"href":"https:\/\/ap-slide.com\/index.php?rest_route=%2Fwp%2Fv2%2Fcomments&post=61"}],"version-history":[{"count":4,"href":"https:\/\/ap-slide.com\/index.php?rest_route=\/wp\/v2\/pages\/61\/revisions"}],"predecessor-version":[{"id":437,"href":"https:\/\/ap-slide.com\/index.php?rest_route=\/wp\/v2\/pages\/61\/revisions\/437"}],"wp:attachment":[{"href":"https:\/\/ap-slide.com\/index.php?rest_route=%2Fwp%2Fv2%2Fmedia&parent=61"}],"curies":[{"name":"wp","href":"https:\/\/api.w.org\/{rel}","templated":true}]}}