{"id":70,"date":"2023-12-22T09:43:39","date_gmt":"2023-12-22T08:43:39","guid":{"rendered":"https:\/\/ap-slide.com\/?page_id=70"},"modified":"2024-02-06T10:27:59","modified_gmt":"2024-02-06T09:27:59","slug":"galeria-referenciak-kepekben","status":"publish","type":"page","link":"https:\/\/ap-slide.com\/?page_id=70","title":{"rendered":"Gal\u00e9ria, referenci\u00e1k k\u00e9pekben"},"content":{"rendered":"","protected":false},"excerpt":{"rendered":"","protected":false},"author":1,"featured_media":0,"parent":0,"menu_order":0,"comment_status":"closed","ping_status":"closed","template":"","meta":{"footnotes":""},"_links":{"self":[{"href":"https:\/\/ap-slide.com\/index.php?rest_route=\/wp\/v2\/pages\/70"}],"collection":[{"href":"https:\/\/ap-slide.com\/index.php?rest_route=\/wp\/v2\/pages"}],"about":[{"href":"https:\/\/ap-slide.com\/index.php?rest_route=\/wp\/v2\/types\/page"}],"author":[{"embeddable":true,"href":"https:\/\/ap-slide.com\/index.php?rest_route=\/wp\/v2\/users\/1"}],"replies":[{"embeddable":true,"href":"https:\/\/ap-slide.com\/index.php?rest_route=%2Fwp%2Fv2%2Fcomments&post=70"}],"version-history":[{"count":2,"href":"https:\/\/ap-slide.com\/index.php?rest_route=\/wp\/v2\/pages\/70\/revisions"}],"predecessor-version":[{"id":422,"href":"https:\/\/ap-slide.com\/index.php?rest_route=\/wp\/v2\/pages\/70\/revisions\/422"}],"wp:attachment":[{"href":"https:\/\/ap-slide.com\/index.php?rest_route=%2Fwp%2Fv2%2Fmedia&parent=70"}],"curies":[{"name":"wp","href":"https:\/\/api.w.org\/{rel}","templated":true}]}}